{"id":32,"date":"2019-09-10T13:22:52","date_gmt":"2019-09-10T13:22:52","guid":{"rendered":"http:\/\/pcatering.smbinfo.hu\/?page_id=32"},"modified":"2022-11-29T12:19:05","modified_gmt":"2022-11-29T12:19:05","slug":"kapcsolat","status":"publish","type":"page","link":"https:\/\/pcatering.hu\/?page_id=32","title":{"rendered":"Kapcsolat"},"content":{"rendered":"\t\t<div data-elementor-type=\"wp-page\" data-elementor-id=\"32\" class=\"elementor elementor-32\">\n\t\t\t\t\t\t\t\t\t<section class=\"elementor-section elementor-top-section elementor-element elementor-element-ac4a1bd elementor-section-boxed elementor-section-height-default elementor-section-height-default\" data-id=\"ac4a1bd\" data-element_type=\"section\">\n\t\t\t\t\t\t<div class=\"elementor-container elementor-column-gap-default\">\n\t\t\t\t\t<div class=\"elementor-column elementor-col-100 elementor-top-column elementor-element elementor-element-1bc35ba\" data-id=\"1bc35ba\" data-element_type=\"column\">\n\t\t\t<div class=\"elementor-widget-wrap\">\n\t\t\t\t\t\t\t\t\t<\/div>\n\t\t<\/div>\n\t\t\t\t\t\t\t<\/div>\n\t\t<\/section>\n\t\t\t\t<section class=\"elementor-section elementor-top-section elementor-element elementor-element-88b649c elementor-section-boxed elementor-section-height-default elementor-section-height-default\" data-id=\"88b649c\" data-element_type=\"section\">\n\t\t\t\t\t\t<div class=\"elementor-container elementor-column-gap-default\">\n\t\t\t\t\t<div class=\"elementor-column elementor-col-100 elementor-top-column elementor-element elementor-element-c52f92e\" data-id=\"c52f92e\" data-element_type=\"column\">\n\t\t\t<div class=\"elementor-widget-wrap\">\n\t\t\t\t\t\t\t\t\t<\/div>\n\t\t<\/div>\n\t\t\t\t\t\t\t<\/div>\n\t\t<\/section>\n\t\t\t\t<section class=\"elementor-section elementor-top-section elementor-element elementor-element-738dee9 elementor-section-full_width elementor-section-height-min-height elementor-section-height-default elementor-section-items-middle\" data-id=\"738dee9\" data-element_type=\"section\" data-settings=\"{&quot;background_background&quot;:&quot;classic&quot;}\">\n\t\t\t\t\t\t<div class=\"elementor-container elementor-column-gap-default\">\n\t\t\t\t\t<div class=\"elementor-column elementor-col-100 elementor-top-column elementor-element elementor-element-b5f2fbf\" data-id=\"b5f2fbf\" data-element_type=\"column\">\n\t\t\t<div class=\"elementor-widget-wrap elementor-element-populated\">\n\t\t\t\t\t\t\t\t<div class=\"elementor-element elementor-element-1eeea05 elementor-widget elementor-widget-text-editor\" data-id=\"1eeea05\" data-element_type=\"widget\" data-widget_type=\"text-editor.default\">\n\t\t\t\t<div class=\"elementor-widget-container\">\n\t\t\t\t\t\t\t<h1 style=\"text-align: center; font-family: sans; font-style: oblique;\"><span style=\"color: #ffffff;\">Kapcsolat<\/span><\/h1>\t\t\t\t\t\t<\/div>\n\t\t\t\t<\/div>\n\t\t\t\t\t<\/div>\n\t\t<\/div>\n\t\t\t\t\t\t\t<\/div>\n\t\t<\/section>\n\t\t\t\t<section class=\"elementor-section elementor-top-section elementor-element elementor-element-ba68be1 elementor-section-boxed elementor-section-height-default elementor-section-height-default\" data-id=\"ba68be1\" data-element_type=\"section\" data-settings=\"{&quot;background_background&quot;:&quot;classic&quot;}\">\n\t\t\t\t\t\t<div class=\"elementor-container elementor-column-gap-default\">\n\t\t\t\t\t<div class=\"elementor-column elementor-col-100 elementor-top-column elementor-element elementor-element-39f3064\" data-id=\"39f3064\" data-element_type=\"column\">\n\t\t\t<div class=\"elementor-widget-wrap elementor-element-populated\">\n\t\t\t\t\t\t\t\t<div class=\"elementor-element elementor-element-28b94b7 elementor-widget elementor-widget-text-editor\" data-id=\"28b94b7\" data-element_type=\"widget\" data-widget_type=\"text-editor.default\">\n\t\t\t\t<div class=\"elementor-widget-container\">\n\t\t\t\t\t\t\t<h4 style=\"text-align: center;\"><span style=\"color: #ffffff; font-family: sans; font-style: oblique;\">Kerekes Imre<\/span><\/h4><h4 style=\"text-align: center;\"><span style=\"color: #ffffff; font-family: sans; font-style: oblique;\">Rendezv\u00e9nyigazgat\u00f3<\/span><\/h4><p style=\"text-align: center;\"><i class=\"fa fa-mobile\" style=\"color: black;\"><\/i> <a href=\"tel:+36204426877\">+36204426877<\/a><br \/><i class=\"fa fa-envelope\" style=\"color: black;\"><\/i> <a href=\"mailto:kerekes.imre@pcatering.hu\">kerekes.imre@pcatering.hu<\/a><br \/><a href=\"www.pcatering.hu\">www.pcatering.hu<\/a><\/p>\t\t\t\t\t\t<\/div>\n\t\t\t\t<\/div>\n\t\t\t\t\t<\/div>\n\t\t<\/div>\n\t\t\t\t\t\t\t<\/div>\n\t\t<\/section>\n\t\t\t\t<section class=\"elementor-section elementor-top-section elementor-element elementor-element-ca2ba41 elementor-section-boxed elementor-section-height-default elementor-section-height-default\" data-id=\"ca2ba41\" data-element_type=\"section\">\n\t\t\t\t\t\t<div class=\"elementor-container elementor-column-gap-default\">\n\t\t\t\t\t<div class=\"elementor-column elementor-col-100 elementor-top-column elementor-element elementor-element-9ca46ab\" data-id=\"9ca46ab\" data-element_type=\"column\">\n\t\t\t<div class=\"elementor-widget-wrap\">\n\t\t\t\t\t\t\t\t\t<\/div>\n\t\t<\/div>\n\t\t\t\t\t\t\t<\/div>\n\t\t<\/section>\n\t\t\t\t\t\t\t<\/div>\n\t\t","protected":false},"excerpt":{"rendered":"<p>Kapcsolat Kerekes Imre Rendezv\u00e9nyigazgat\u00f3 +36204426877 kerekes.imre@pcatering.huwww.pcatering.hu<\/p>\n","protected":false},"author":1,"featured_media":0,"parent":0,"menu_order":0,"comment_status":"closed","ping_status":"closed","template":"elementor_header_footer","meta":{"ngg_post_thumbnail":0,"footnotes":""},"yoast_head":"<!-- This site is optimized with the Yoast SEO plugin v21.8 - https:\/\/yoast.com\/wordpress\/plugins\/seo\/ -->\n<title>Kapcsolat - Pepper Catering<\/title>\n<meta name=\"robots\" content=\"index, follow, max-snippet:-1, max-image-preview:large, max-video-preview:-1\" \/>\n<link rel=\"canonical\" href=\"https:\/\/pcatering.hu\/?page_id=32\" \/>\n<meta property=\"og:locale\" content=\"hu_HU\" \/>\n<meta property=\"og:type\" content=\"article\" \/>\n<meta property=\"og:title\" content=\"Kapcsolat - Pepper Catering\" \/>\n<meta property=\"og:description\" content=\"Kapcsolat Kerekes Imre Rendezv\u00e9nyigazgat\u00f3 +36204426877 kerekes.imre@pcatering.huwww.pcatering.hu\" \/>\n<meta property=\"og:url\" content=\"https:\/\/pcatering.hu\/?page_id=32\" \/>\n<meta property=\"og:site_name\" content=\"Pepper Catering\" \/>\n<meta property=\"article:modified_time\" content=\"2022-11-29T12:19:05+00:00\" \/>\n<meta name=\"twitter:card\" content=\"summary_large_image\" \/>\n<meta name=\"twitter:label1\" content=\"Becs\u00fclt olvas\u00e1si id\u0151\" \/>\n\t<meta name=\"twitter:data1\" content=\"1 perc\" \/>\n<script type=\"application\/ld+json\" class=\"yoast-schema-graph\">{\"@context\":\"https:\/\/schema.org\",\"@graph\":[{\"@type\":\"WebPage\",\"@id\":\"https:\/\/pcatering.hu\/?page_id=32\",\"url\":\"https:\/\/pcatering.hu\/?page_id=32\",\"name\":\"Kapcsolat - Pepper Catering\",\"isPartOf\":{\"@id\":\"https:\/\/pcatering.hu\/#website\"},\"datePublished\":\"2019-09-10T13:22:52+00:00\",\"dateModified\":\"2022-11-29T12:19:05+00:00\",\"breadcrumb\":{\"@id\":\"https:\/\/pcatering.hu\/?page_id=32#breadcrumb\"},\"inLanguage\":\"hu\",\"potentialAction\":[{\"@type\":\"ReadAction\",\"target\":[\"https:\/\/pcatering.hu\/?page_id=32\"]}]},{\"@type\":\"BreadcrumbList\",\"@id\":\"https:\/\/pcatering.hu\/?page_id=32#breadcrumb\",\"itemListElement\":[{\"@type\":\"ListItem\",\"position\":1,\"name\":\"Home\",\"item\":\"https:\/\/pcatering.hu\/\"},{\"@type\":\"ListItem\",\"position\":2,\"name\":\"Kapcsolat\"}]},{\"@type\":\"WebSite\",\"@id\":\"https:\/\/pcatering.hu\/#website\",\"url\":\"https:\/\/pcatering.hu\/\",\"name\":\"Pepper Catering\",\"description\":\"pcatering.smbinfo.hu\",\"publisher\":{\"@id\":\"https:\/\/pcatering.hu\/#organization\"},\"potentialAction\":[{\"@type\":\"SearchAction\",\"target\":{\"@type\":\"EntryPoint\",\"urlTemplate\":\"https:\/\/pcatering.hu\/?s={search_term_string}\"},\"query-input\":\"required name=search_term_string\"}],\"inLanguage\":\"hu\"},{\"@type\":\"Organization\",\"@id\":\"https:\/\/pcatering.hu\/#organization\",\"name\":\"Pepper Catering\",\"url\":\"https:\/\/pcatering.hu\/\",\"logo\":{\"@type\":\"ImageObject\",\"inLanguage\":\"hu\",\"@id\":\"https:\/\/pcatering.hu\/#\/schema\/logo\/image\/\",\"url\":\"https:\/\/pcatering.hu\/wp-content\/uploads\/2019\/10\/cropped-logo-6.png\",\"contentUrl\":\"https:\/\/pcatering.hu\/wp-content\/uploads\/2019\/10\/cropped-logo-6.png\",\"width\":1248,\"height\":966,\"caption\":\"Pepper Catering\"},\"image\":{\"@id\":\"https:\/\/pcatering.hu\/#\/schema\/logo\/image\/\"}}]}<\/script>\n<!-- \/ Yoast SEO plugin. -->","yoast_head_json":{"title":"Kapcsolat - Pepper Catering","robots":{"index":"index","follow":"follow","max-snippet":"max-snippet:-1","max-image-preview":"max-image-preview:large","max-video-preview":"max-video-preview:-1"},"canonical":"https:\/\/pcatering.hu\/?page_id=32","og_locale":"hu_HU","og_type":"article","og_title":"Kapcsolat - Pepper Catering","og_description":"Kapcsolat Kerekes Imre Rendezv\u00e9nyigazgat\u00f3 +36204426877 kerekes.imre@pcatering.huwww.pcatering.hu","og_url":"https:\/\/pcatering.hu\/?page_id=32","og_site_name":"Pepper Catering","article_modified_time":"2022-11-29T12:19:05+00:00","twitter_card":"summary_large_image","twitter_misc":{"Becs\u00fclt olvas\u00e1si id\u0151":"1 perc"},"schema":{"@context":"https:\/\/schema.org","@graph":[{"@type":"WebPage","@id":"https:\/\/pcatering.hu\/?page_id=32","url":"https:\/\/pcatering.hu\/?page_id=32","name":"Kapcsolat - Pepper Catering","isPartOf":{"@id":"https:\/\/pcatering.hu\/#website"},"datePublished":"2019-09-10T13:22:52+00:00","dateModified":"2022-11-29T12:19:05+00:00","breadcrumb":{"@id":"https:\/\/pcatering.hu\/?page_id=32#breadcrumb"},"inLanguage":"hu","potentialAction":[{"@type":"ReadAction","target":["https:\/\/pcatering.hu\/?page_id=32"]}]},{"@type":"BreadcrumbList","@id":"https:\/\/pcatering.hu\/?page_id=32#breadcrumb","itemListElement":[{"@type":"ListItem","position":1,"name":"Home","item":"https:\/\/pcatering.hu\/"},{"@type":"ListItem","position":2,"name":"Kapcsolat"}]},{"@type":"WebSite","@id":"https:\/\/pcatering.hu\/#website","url":"https:\/\/pcatering.hu\/","name":"Pepper Catering","description":"pcatering.smbinfo.hu","publisher":{"@id":"https:\/\/pcatering.hu\/#organization"},"potentialAction":[{"@type":"SearchAction","target":{"@type":"EntryPoint","urlTemplate":"https:\/\/pcatering.hu\/?s={search_term_string}"},"query-input":"required name=search_term_string"}],"inLanguage":"hu"},{"@type":"Organization","@id":"https:\/\/pcatering.hu\/#organization","name":"Pepper Catering","url":"https:\/\/pcatering.hu\/","logo":{"@type":"ImageObject","inLanguage":"hu","@id":"https:\/\/pcatering.hu\/#\/schema\/logo\/image\/","url":"https:\/\/pcatering.hu\/wp-content\/uploads\/2019\/10\/cropped-logo-6.png","contentUrl":"https:\/\/pcatering.hu\/wp-content\/uploads\/2019\/10\/cropped-logo-6.png","width":1248,"height":966,"caption":"Pepper Catering"},"image":{"@id":"https:\/\/pcatering.hu\/#\/schema\/logo\/image\/"}}]}},"_links":{"self":[{"href":"https:\/\/pcatering.hu\/index.php?rest_route=\/wp\/v2\/pages\/32"}],"collection":[{"href":"https:\/\/pcatering.hu\/index.php?rest_route=\/wp\/v2\/pages"}],"about":[{"href":"https:\/\/pcatering.hu\/index.php?rest_route=\/wp\/v2\/types\/page"}],"author":[{"embeddable":true,"href":"https:\/\/pcatering.hu\/index.php?rest_route=\/wp\/v2\/users\/1"}],"replies":[{"embeddable":true,"href":"https:\/\/pcatering.hu\/index.php?rest_route=%2Fwp%2Fv2%2Fcomments&post=32"}],"version-history":[{"count":21,"href":"https:\/\/pcatering.hu\/index.php?rest_route=\/wp\/v2\/pages\/32\/revisions"}],"predecessor-version":[{"id":508,"href":"https:\/\/pcatering.hu\/index.php?rest_route=\/wp\/v2\/pages\/32\/revisions\/508"}],"wp:attachment":[{"href":"https:\/\/pcatering.hu\/index.php?rest_route=%2Fwp%2Fv2%2Fmedia&parent=32"}],"curies":[{"name":"wp","href":"https:\/\/api.w.org\/{rel}","templated":true}]}}